{"id":223634,"date":"2026-02-14T01:24:24","date_gmt":"2026-02-13T22:24:24","guid":{"rendered":"https:\/\/occularoptic.md\/?post_type=product&#038;p=223634"},"modified":"2026-02-24T01:52:55","modified_gmt":"2026-02-23T22:52:55","slug":"marconny","status":"publish","type":"product","link":"https:\/\/occularoptic.md\/ru\/product\/rame\/marconny\/","title":{"rendered":"Marconny"},"content":{"rendered":"<p><strong data-start=\"0\" data-end=\"22\">Marconny<\/strong>\u00a0sunt ochelari moderni, cu design elegant \u0219i u\u0219or de purtat zilnic. Rama este realizat\u0103 din materiale u\u0219oare \u0219i rezistente, oferind confort pe tot parcursul zilei \u0219i o potrivire stabil\u0103. Stilul versatil \u00eei face potrivi\u021bi at\u00e2t pentru mediul profesional, c\u00e2t \u0219i pentru activit\u0103\u021bile de zi cu zi. Ideali pentru cei care caut\u0103 un echilibru \u00eentre aspect pl\u0103cut, func\u021bionalitate \u0219i pre\u021b accesibil.<\/p>","protected":false},"excerpt":{"rendered":"<p>Marconny\u00a0sunt ochelari moderni, cu design elegant \u0219i u\u0219or de purtat zilnic. Rama este realizat\u0103 din materiale u\u0219oare \u0219i rezistente, oferind confort pe tot parcursul zilei \u0219i o potrivire stabil\u0103. Stilul versatil \u00eei face potrivi\u021bi at\u00e2t pentru mediul profesional, c\u00e2t \u0219i pentru activit\u0103\u021bile de zi cu zi. Ideali pentru cei care caut\u0103 un echilibru \u00eentre aspect [&hellip;]<\/p>","protected":false},"featured_media":223637,"comment_status":"closed","ping_status":"closed","template":"","meta":[],"product_cat":[7455],"product_tag":[],"class_list":["post-223634","product","type-product","status-publish","has-post-thumbnail","hentry","product_cat-rame"],"_links":{"self":[{"href":"https:\/\/occularoptic.md\/ru\/wp-json\/wp\/v2\/product\/223634","targetHints":{"allow":["GET"]}}],"collection":[{"href":"https:\/\/occularoptic.md\/ru\/wp-json\/wp\/v2\/product"}],"about":[{"href":"https:\/\/occularoptic.md\/ru\/wp-json\/wp\/v2\/types\/product"}],"replies":[{"embeddable":true,"href":"https:\/\/occularoptic.md\/ru\/wp-json\/wp\/v2\/comments?post=223634"}],"wp:featuredmedia":[{"embeddable":true,"href":"https:\/\/occularoptic.md\/ru\/wp-json\/wp\/v2\/media\/223637"}],"wp:attachment":[{"href":"https:\/\/occularoptic.md\/ru\/wp-json\/wp\/v2\/media?parent=223634"}],"wp:term":[{"taxonomy":"product_cat","embeddable":true,"href":"https:\/\/occularoptic.md\/ru\/wp-json\/wp\/v2\/product_cat?post=223634"},{"taxonomy":"product_tag","embeddable":true,"href":"https:\/\/occularoptic.md\/ru\/wp-json\/wp\/v2\/product_tag?post=223634"}],"curies":[{"name":"wp","href":"https:\/\/api.w.org\/{rel}","templated":true}]}}